{"id":110,"date":"2024-11-08T22:28:42","date_gmt":"2024-11-08T21:28:42","guid":{"rendered":"https:\/\/ateliercontrepoint.fr\/?page_id=110"},"modified":"2025-06-14T10:46:49","modified_gmt":"2025-06-14T08:46:49","slug":"110-2","status":"publish","type":"page","link":"https:\/\/ateliercontrepoint.fr\/index.php\/110-2\/","title":{"rendered":"inscription"},"content":{"rendered":"\n<p>L\u2019atelier est ouvert du lundi au samedi de 10h00 \u00e0 19h00. Selon la formule choisie, les frais d\u2019inscription sont de 720 euros par trimestre ou de 320 euros par mois.<br>Pour toute information, contactez-nous au 01 45 43 85 01 ou <a href=\"mailto:at.contrepoint@free.fr\">par e-mail.<\/a><\/p>\n\n\n\n<p>Pour obtenir un certificat annuel d\u2019inscription, les \u00e9tudiants doivent s\u2019acquitter des droits d\u2019inscription \u00e0 l\u2019atelier \u00e9quivalents \u00e0 9 mois (soit 2160\u20ac). Il est possible de s\u2019inscrire \u00e0 tout moment dans l\u2019ann\u00e9e.<\/p>\n\n\n\n<p>Pour les \u00e9tudiants \u00e9trangers non-ressortissants de l\u2019Union Europ\u00e9enne, nous pouvons fournir tout \u00e9l\u00e9ment compl\u00e9mentaire \u00e0 la constitution de leur dossier de demande de titre de s\u00e9jour.<\/p>\n\n\n\n<p>L&rsquo;atelier est ouvert du lundi au samedi de 10h00 \u00e0 19h00. Selon la formule choisie, les frais d&rsquo;inscription sont de 720 euros par trimestre ou de 320 euros par mois.<\/p>\n\n\n\n<p>Pour toute information, contactez-nous au 01 45 43 85 01 ou par&nbsp;e-mail.<\/p>\n","protected":false},"excerpt":{"rendered":"<p>L\u2019atelier est ouvert du lundi au samedi de 10h00 \u00e0 19h00. Selon la formule choisie, les frais d\u2019inscription sont de<\/p>\n","protected":false},"author":1,"featured_media":0,"parent":0,"menu_order":0,"comment_status":"closed","ping_status":"closed","template":"","meta":{"footnotes":""},"class_list":["post-110","page","type-page","status-publish","hentry","comments-off"],"_links":{"self":[{"href":"https:\/\/ateliercontrepoint.fr\/index.php\/wp-json\/wp\/v2\/pages\/110","targetHints":{"allow":["GET"]}}],"collection":[{"href":"https:\/\/ateliercontrepoint.fr\/index.php\/wp-json\/wp\/v2\/pages"}],"about":[{"href":"https:\/\/ateliercontrepoint.fr\/index.php\/wp-json\/wp\/v2\/types\/page"}],"author":[{"embeddable":true,"href":"https:\/\/ateliercontrepoint.fr\/index.php\/wp-json\/wp\/v2\/users\/1"}],"replies":[{"embeddable":true,"href":"https:\/\/ateliercontrepoint.fr\/index.php\/wp-json\/wp\/v2\/comments?post=110"}],"version-history":[{"count":5,"href":"https:\/\/ateliercontrepoint.fr\/index.php\/wp-json\/wp\/v2\/pages\/110\/revisions"}],"predecessor-version":[{"id":928,"href":"https:\/\/ateliercontrepoint.fr\/index.php\/wp-json\/wp\/v2\/pages\/110\/revisions\/928"}],"wp:attachment":[{"href":"https:\/\/ateliercontrepoint.fr\/index.php\/wp-json\/wp\/v2\/media?parent=110"}],"curies":[{"name":"wp","href":"https:\/\/api.w.org\/{rel}","templated":true}]}}